{"id":4288,"date":"2024-08-03T19:40:07","date_gmt":"2024-08-03T19:40:07","guid":{"rendered":"https:\/\/etevisa.com\/vize\/"},"modified":"2024-08-07T23:56:31","modified_gmt":"2024-08-07T23:56:31","slug":"vize","status":"publish","type":"page","link":"https:\/\/etevisa.com\/tr\/vize\/","title":{"rendered":"Vize"},"content":{"rendered":"\t\t<div data-elementor-type=\"wp-page\" data-elementor-id=\"4288\" class=\"elementor elementor-4288 elementor-3067\" data-elementor-post-type=\"page\">\n\t\t\t\t<div class=\"elementor-element elementor-element-280b731 e-flex e-con-boxed e-con e-parent\" data-id=\"280b731\" data-element_type=\"container\" data-settings=\"{&quot;_ha_eqh_enable&quot;:false}\">\n\t\t\t\t\t<div class=\"e-con-inner\">\n\t\t\t\t<div class=\"elementor-element elementor-element-5b5c2ab elementor-widget elementor-widget-global elementor-global-2946 elementor-widget-shortcode\" data-id=\"5b5c2ab\" data-element_type=\"widget\" data-widget_type=\"shortcode.default\">\n\t\t\t\t<div class=\"elementor-widget-container\">\n\t\t\t\t\t<div class=\"elementor-shortcode\"><nav aria-label=\"breadcrumbs\" class=\"rank-math-breadcrumb\"><p><span class=\"last\">Home<\/span><\/p><\/nav><\/div>\n\t\t\t\t<\/div>\n\t\t\t\t<\/div>\n\t\t\t\t\t<\/div>\n\t\t\t\t<\/div>\n\t\t<div class=\"elementor-element elementor-element-6b46f37 e-flex e-con-boxed e-con e-parent\" data-id=\"6b46f37\" data-element_type=\"container\" data-settings=\"{&quot;_ha_eqh_enable&quot;:false}\">\n\t\t\t\t\t<div class=\"e-con-inner\">\n\t\t\t\t<div class=\"elementor-element elementor-element-992d3cf elementor-widget elementor-widget-heading\" data-id=\"992d3cf\" data-element_type=\"widget\" data-widget_type=\"heading.default\">\n\t\t\t\t<div class=\"elementor-widget-container\">\n\t\t\t<style>\/*! elementor - v3.21.0 - 26-05-2024 *\/\n.elementor-heading-title{padding:0;margin:0;line-height:1}.elementor-widget-heading .elementor-heading-title[class*=elementor-size-]>a{color:inherit;font-size:inherit;line-height:inherit}.elementor-widget-heading .elementor-heading-title.elementor-size-small{font-size:15px}.elementor-widget-heading .elementor-heading-title.elementor-size-medium{font-size:19px}.elementor-widget-heading .elementor-heading-title.elementor-size-large{font-size:29px}.elementor-widget-heading .elementor-heading-title.elementor-size-xl{font-size:39px}.elementor-widget-heading .elementor-heading-title.elementor-size-xxl{font-size:59px}<\/style><h2 class=\"elementor-heading-title elementor-size-default\">Vize Bilgileri<\/h2>\t\t<\/div>\n\t\t\t\t<\/div>\n\t\t\t\t<div class=\"elementor-element elementor-element-155aaf6 elementor-grid-tablet-3 elementor-grid-3 elementor-grid-mobile-1 elementor-posts--thumbnail-top elementor-posts__hover-gradient elementor-widget elementor-widget-posts\" data-id=\"155aaf6\" data-element_type=\"widget\" data-settings=\"{&quot;cards_row_gap&quot;:{&quot;unit&quot;:&quot;px&quot;,&quot;size&quot;:29,&quot;sizes&quot;:[]},&quot;pagination_type&quot;:&quot;load_more_infinite_scroll&quot;,&quot;cards_columns_tablet&quot;:&quot;3&quot;,&quot;cards_columns&quot;:&quot;3&quot;,&quot;cards_columns_mobile&quot;:&quot;1&quot;,&quot;cards_row_gap_tablet&quot;:{&quot;unit&quot;:&quot;px&quot;,&quot;size&quot;:&quot;&quot;,&quot;sizes&quot;:[]},&quot;cards_row_gap_mobile&quot;:{&quot;unit&quot;:&quot;px&quot;,&quot;size&quot;:&quot;&quot;,&quot;sizes&quot;:[]},&quot;load_more_spinner&quot;:{&quot;value&quot;:&quot;fas fa-spinner&quot;,&quot;library&quot;:&quot;fa-solid&quot;}}\" data-widget_type=\"posts.cards\">\n\t\t\t\t<div class=\"elementor-widget-container\">\n\t\t\t<link rel=\"stylesheet\" href=\"https:\/\/etevisa.com\/wp-content\/plugins\/elementor-pro\/assets\/css\/widget-posts.min.css\">\t\t<div class=\"elementor-posts-container elementor-posts elementor-posts--skin-cards elementor-grid\">\n\t\t\t\t<article class=\"elementor-post elementor-grid-item post-5761 visa type-visa status-publish has-post-thumbnail hentry visa-category-calisma-vizesi visa-category-ukrayna-vizesi\">\n\t\t\t<div class=\"elementor-post__card\">\n\t\t\t\t<a class=\"elementor-post__thumbnail__link\" href=\"https:\/\/etevisa.com\/tr\/visa\/isvicre-calisma-vizesi-almak-icin-kapsamli-rehber\/\" tabindex=\"-1\" ><div class=\"elementor-post__thumbnail\"><img decoding=\"async\" width=\"300\" height=\"144\" src=\"https:\/\/etevisa.com\/wp-content\/uploads\/2024\/06\/achievement-agreement-arms-bump-business-cheer-up-1433619-pxhere.com_-300x144.jpg\" class=\"attachment-medium size-medium wp-image-3991\" alt=\"\" srcset=\"https:\/\/etevisa.com\/wp-content\/uploads\/2024\/06\/achievement-agreement-arms-bump-business-cheer-up-1433619-pxhere.com_-300x144.jpg 300w, https:\/\/etevisa.com\/wp-content\/uploads\/2024\/06\/achievement-agreement-arms-bump-business-cheer-up-1433619-pxhere.com_.jpg 480w\" sizes=\"(max-width: 300px) 100vw, 300px\" \/><\/div><\/a>\n\t\t\t\t<div class=\"elementor-post__text\">\n\t\t\t\t<h3 class=\"elementor-post__title\">\n\t\t\t<a href=\"https:\/\/etevisa.com\/tr\/visa\/isvicre-calisma-vizesi-almak-icin-kapsamli-rehber\/\" >\n\t\t\t\t\u0130svi\u00e7re \u00c7al\u0131\u015fma Vizesi Almak \u0130\u00e7in Kapsaml\u0131 Rehber\t\t\t<\/a>\n\t\t<\/h3>\n\t\t\t\t<\/div>\n\t\t\t\t<div class=\"elementor-post__meta-data\">\n\t\t\t\t\t<span class=\"elementor-post-date\">\n\t\t\tTemmuz 23, 2025\t\t<\/span>\n\t\t\t\t<span class=\"elementor-post-avatar\">\n\t\t\tYorum yap\u0131lmam\u0131\u015f\t\t<\/span>\n\t\t\t\t<\/div>\n\t\t\t\t\t<\/div>\n\t\t<\/article>\n\t\t\t\t<article class=\"elementor-post elementor-grid-item post-5760 visa type-visa status-publish has-post-thumbnail hentry visa-category-calisma-vizesi visa-category-ukrayna-vizesi\">\n\t\t\t<div class=\"elementor-post__card\">\n\t\t\t\t<a class=\"elementor-post__thumbnail__link\" href=\"https:\/\/etevisa.com\/tr\/visa\/avusturya-calisma-vizesi-almak-icin-kapsamli-rehber\/\" tabindex=\"-1\" ><div class=\"elementor-post__thumbnail\"><img decoding=\"async\" width=\"300\" height=\"144\" src=\"https:\/\/etevisa.com\/wp-content\/uploads\/2024\/06\/achievement-agreement-arms-bump-business-cheer-up-1433619-pxhere.com_-300x144.jpg\" class=\"attachment-medium size-medium wp-image-3991\" alt=\"\" srcset=\"https:\/\/etevisa.com\/wp-content\/uploads\/2024\/06\/achievement-agreement-arms-bump-business-cheer-up-1433619-pxhere.com_-300x144.jpg 300w, https:\/\/etevisa.com\/wp-content\/uploads\/2024\/06\/achievement-agreement-arms-bump-business-cheer-up-1433619-pxhere.com_.jpg 480w\" sizes=\"(max-width: 300px) 100vw, 300px\" \/><\/div><\/a>\n\t\t\t\t<div class=\"elementor-post__text\">\n\t\t\t\t<h3 class=\"elementor-post__title\">\n\t\t\t<a href=\"https:\/\/etevisa.com\/tr\/visa\/avusturya-calisma-vizesi-almak-icin-kapsamli-rehber\/\" >\n\t\t\t\tAvusturya \u00c7al\u0131\u015fma Vizesi Almak \u0130\u00e7in Kapsaml\u0131 Rehber\t\t\t<\/a>\n\t\t<\/h3>\n\t\t\t\t<\/div>\n\t\t\t\t<div class=\"elementor-post__meta-data\">\n\t\t\t\t\t<span class=\"elementor-post-date\">\n\t\t\tTemmuz 23, 2025\t\t<\/span>\n\t\t\t\t<span class=\"elementor-post-avatar\">\n\t\t\tYorum yap\u0131lmam\u0131\u015f\t\t<\/span>\n\t\t\t\t<\/div>\n\t\t\t\t\t<\/div>\n\t\t<\/article>\n\t\t\t\t<article class=\"elementor-post elementor-grid-item post-5758 visa type-visa status-publish has-post-thumbnail hentry visa-category-ogrenci-vizesi visa-category-ingiltere-vizesi\">\n\t\t\t<div class=\"elementor-post__card\">\n\t\t\t\t<a class=\"elementor-post__thumbnail__link\" href=\"https:\/\/etevisa.com\/tr\/visa\/avusturya-ogrenci-vizesi-basvuru-sahipleri-icin-kapsamli-rehber\/\" tabindex=\"-1\" ><div class=\"elementor-post__thumbnail\"><img decoding=\"async\" width=\"300\" height=\"128\" src=\"https:\/\/etevisa.com\/wp-content\/uploads\/2024\/06\/checklist-for-study-in-uk-300x128.jpg\" class=\"attachment-medium size-medium wp-image-3911\" alt=\"\" srcset=\"https:\/\/etevisa.com\/wp-content\/uploads\/2024\/06\/checklist-for-study-in-uk-300x128.jpg 300w, https:\/\/etevisa.com\/wp-content\/uploads\/2024\/06\/checklist-for-study-in-uk-1024x437.jpg 1024w, https:\/\/etevisa.com\/wp-content\/uploads\/2024\/06\/checklist-for-study-in-uk-768x328.jpg 768w, https:\/\/etevisa.com\/wp-content\/uploads\/2024\/06\/checklist-for-study-in-uk.jpg 1500w\" sizes=\"(max-width: 300px) 100vw, 300px\" \/><\/div><\/a>\n\t\t\t\t<div class=\"elementor-post__text\">\n\t\t\t\t<h3 class=\"elementor-post__title\">\n\t\t\t<a href=\"https:\/\/etevisa.com\/tr\/visa\/avusturya-ogrenci-vizesi-basvuru-sahipleri-icin-kapsamli-rehber\/\" >\n\t\t\t\tAvusturya \u00d6\u011frenci Vizesi: Ba\u015fvuru Sahipleri \u0130\u00e7in Kapsaml\u0131 Rehber\t\t\t<\/a>\n\t\t<\/h3>\n\t\t\t\t<\/div>\n\t\t\t\t<div class=\"elementor-post__meta-data\">\n\t\t\t\t\t<span class=\"elementor-post-date\">\n\t\t\tTemmuz 23, 2025\t\t<\/span>\n\t\t\t\t<span class=\"elementor-post-avatar\">\n\t\t\tYorum yap\u0131lmam\u0131\u015f\t\t<\/span>\n\t\t\t\t<\/div>\n\t\t\t\t\t<\/div>\n\t\t<\/article>\n\t\t\t\t<article class=\"elementor-post elementor-grid-item post-5759 visa type-visa status-publish has-post-thumbnail hentry visa-category-ogrenci-vizesi visa-category-ingiltere-vizesi\">\n\t\t\t<div class=\"elementor-post__card\">\n\t\t\t\t<a class=\"elementor-post__thumbnail__link\" href=\"https:\/\/etevisa.com\/tr\/visa\/isvicre-ogrenci-vizesi-basvuru-sahipleri-icin-kapsamli-rehber-duplicate\/\" tabindex=\"-1\" ><div class=\"elementor-post__thumbnail\"><img decoding=\"async\" width=\"300\" height=\"128\" src=\"https:\/\/etevisa.com\/wp-content\/uploads\/2024\/06\/checklist-for-study-in-uk-300x128.jpg\" class=\"attachment-medium size-medium wp-image-3911\" alt=\"\" srcset=\"https:\/\/etevisa.com\/wp-content\/uploads\/2024\/06\/checklist-for-study-in-uk-300x128.jpg 300w, https:\/\/etevisa.com\/wp-content\/uploads\/2024\/06\/checklist-for-study-in-uk-1024x437.jpg 1024w, https:\/\/etevisa.com\/wp-content\/uploads\/2024\/06\/checklist-for-study-in-uk-768x328.jpg 768w, https:\/\/etevisa.com\/wp-content\/uploads\/2024\/06\/checklist-for-study-in-uk.jpg 1500w\" sizes=\"(max-width: 300px) 100vw, 300px\" \/><\/div><\/a>\n\t\t\t\t<div class=\"elementor-post__text\">\n\t\t\t\t<h3 class=\"elementor-post__title\">\n\t\t\t<a href=\"https:\/\/etevisa.com\/tr\/visa\/isvicre-ogrenci-vizesi-basvuru-sahipleri-icin-kapsamli-rehber-duplicate\/\" >\n\t\t\t\t\u0130svi\u00e7re \u00d6\u011frenci Vizesi: Ba\u015fvuru Sahipleri \u0130\u00e7in Kapsaml\u0131 Rehber\t\t\t<\/a>\n\t\t<\/h3>\n\t\t\t\t<\/div>\n\t\t\t\t<div class=\"elementor-post__meta-data\">\n\t\t\t\t\t<span class=\"elementor-post-date\">\n\t\t\tTemmuz 23, 2025\t\t<\/span>\n\t\t\t\t<span class=\"elementor-post-avatar\">\n\t\t\tYorum yap\u0131lmam\u0131\u015f\t\t<\/span>\n\t\t\t\t<\/div>\n\t\t\t\t\t<\/div>\n\t\t<\/article>\n\t\t\t\t<article class=\"elementor-post elementor-grid-item post-5757 visa type-visa status-publish has-post-thumbnail hentry visa-category-azerbaycan-vizesi\">\n\t\t\t<div class=\"elementor-post__card\">\n\t\t\t\t<a class=\"elementor-post__thumbnail__link\" href=\"https:\/\/etevisa.com\/tr\/visa\/isvicre-vizesi-almak\/\" tabindex=\"-1\" ><div class=\"elementor-post__thumbnail\"><img fetchpriority=\"high\" decoding=\"async\" width=\"300\" height=\"198\" src=\"https:\/\/etevisa.com\/wp-content\/uploads\/2024\/06\/pexels-semmi-20498061-1-300x198.jpg\" class=\"attachment-medium size-medium wp-image-3987\" alt=\"\" srcset=\"https:\/\/etevisa.com\/wp-content\/uploads\/2024\/06\/pexels-semmi-20498061-1-300x198.jpg 300w, https:\/\/etevisa.com\/wp-content\/uploads\/2024\/06\/pexels-semmi-20498061-1.jpg 640w\" sizes=\"(max-width: 300px) 100vw, 300px\" \/><\/div><\/a>\n\t\t\t\t<div class=\"elementor-post__text\">\n\t\t\t\t<h3 class=\"elementor-post__title\">\n\t\t\t<a href=\"https:\/\/etevisa.com\/tr\/visa\/isvicre-vizesi-almak\/\" >\n\t\t\t\t\u0130svi\u00e7re Vizesi Almak\t\t\t<\/a>\n\t\t<\/h3>\n\t\t\t\t<\/div>\n\t\t\t\t<div class=\"elementor-post__meta-data\">\n\t\t\t\t\t<span class=\"elementor-post-date\">\n\t\t\tTemmuz 23, 2025\t\t<\/span>\n\t\t\t\t<span class=\"elementor-post-avatar\">\n\t\t\tYorum yap\u0131lmam\u0131\u015f\t\t<\/span>\n\t\t\t\t<\/div>\n\t\t\t\t\t<\/div>\n\t\t<\/article>\n\t\t\t\t<article class=\"elementor-post elementor-grid-item post-5756 visa type-visa status-publish has-post-thumbnail hentry visa-category-azerbaycan-vizesi\">\n\t\t\t<div class=\"elementor-post__card\">\n\t\t\t\t<a class=\"elementor-post__thumbnail__link\" href=\"https:\/\/etevisa.com\/tr\/visa\/avusturya-vizesi-almak\/\" tabindex=\"-1\" ><div class=\"elementor-post__thumbnail\"><img fetchpriority=\"high\" decoding=\"async\" width=\"300\" height=\"198\" src=\"https:\/\/etevisa.com\/wp-content\/uploads\/2024\/06\/pexels-semmi-20498061-1-300x198.jpg\" class=\"attachment-medium size-medium wp-image-3987\" alt=\"\" srcset=\"https:\/\/etevisa.com\/wp-content\/uploads\/2024\/06\/pexels-semmi-20498061-1-300x198.jpg 300w, https:\/\/etevisa.com\/wp-content\/uploads\/2024\/06\/pexels-semmi-20498061-1.jpg 640w\" sizes=\"(max-width: 300px) 100vw, 300px\" \/><\/div><\/a>\n\t\t\t\t<div class=\"elementor-post__text\">\n\t\t\t\t<h3 class=\"elementor-post__title\">\n\t\t\t<a href=\"https:\/\/etevisa.com\/tr\/visa\/avusturya-vizesi-almak\/\" >\n\t\t\t\tAvusturya Vizesi Almak\t\t\t<\/a>\n\t\t<\/h3>\n\t\t\t\t<\/div>\n\t\t\t\t<div class=\"elementor-post__meta-data\">\n\t\t\t\t\t<span class=\"elementor-post-date\">\n\t\t\tTemmuz 23, 2025\t\t<\/span>\n\t\t\t\t<span class=\"elementor-post-avatar\">\n\t\t\tYorum yap\u0131lmam\u0131\u015f\t\t<\/span>\n\t\t\t\t<\/div>\n\t\t\t\t\t<\/div>\n\t\t<\/article>\n\t\t\t\t<\/div>\n\t\t\t\t\t<span class=\"e-load-more-spinner\">\n\t\t\t\t<svg aria-hidden=\"true\" class=\"e-font-icon-svg e-fas-spinner\" viewBox=\"0 0 512 512\" xmlns=\"http:\/\/www.w3.org\/2000\/svg\"><path d=\"M304 48c0 26.51-21.49 48-48 48s-48-21.49-48-48 21.49-48 48-48 48 21.49 48 48zm-48 368c-26.51 0-48 21.49-48 48s21.49 48 48 48 48-21.49 48-48-21.49-48-48-48zm208-208c-26.51 0-48 21.49-48 48s21.49 48 48 48 48-21.49 48-48-21.49-48-48-48zM96 256c0-26.51-21.49-48-48-48S0 229.49 0 256s21.49 48 48 48 48-21.49 48-48zm12.922 99.078c-26.51 0-48 21.49-48 48s21.49 48 48 48 48-21.49 48-48c0-26.509-21.491-48-48-48zm294.156 0c-26.51 0-48 21.49-48 48s21.49 48 48 48 48-21.49 48-48c0-26.509-21.49-48-48-48zM108.922 60.922c-26.51 0-48 21.49-48 48s21.49 48 48 48 48-21.49 48-48-21.491-48-48-48z\"><\/path><\/svg>\t\t\t<\/span>\n\t\t\n\t\t\t\t<div class=\"e-load-more-anchor\" data-page=\"1\" data-max-page=\"5\" data-next-page=\"https:\/\/etevisa.com\/tr\/wp-json\/wp\/v2\/pages\/4288\/page\/2\/\"><\/div>\n\t\t\t\t<div class=\"e-load-more-message\"><\/div>\n\t\t\t\t<\/div>\n\t\t\t\t<\/div>\n\t\t\t\t\t<\/div>\n\t\t\t\t<\/div>\n\t\t\t\t<\/div>\n\t\t","protected":false},"excerpt":{"rendered":"<p>Vize Bilgileri<\/p>\n","protected":false},"author":1,"featured_media":0,"parent":0,"menu_order":1,"comment_status":"closed","ping_status":"closed","template":"","meta":{"footnotes":""},"class_list":["post-4288","page","type-page","status-publish","hentry"],"_links":{"self":[{"href":"https:\/\/etevisa.com\/tr\/wp-json\/wp\/v2\/pages\/4288","targetHints":{"allow":["GET"]}}],"collection":[{"href":"https:\/\/etevisa.com\/tr\/wp-json\/wp\/v2\/pages"}],"about":[{"href":"https:\/\/etevisa.com\/tr\/wp-json\/wp\/v2\/types\/page"}],"author":[{"embeddable":true,"href":"https:\/\/etevisa.com\/tr\/wp-json\/wp\/v2\/users\/1"}],"replies":[{"embeddable":true,"href":"https:\/\/etevisa.com\/tr\/wp-json\/wp\/v2\/comments?post=4288"}],"version-history":[{"count":1,"href":"https:\/\/etevisa.com\/tr\/wp-json\/wp\/v2\/pages\/4288\/revisions"}],"predecessor-version":[{"id":4289,"href":"https:\/\/etevisa.com\/tr\/wp-json\/wp\/v2\/pages\/4288\/revisions\/4289"}],"wp:attachment":[{"href":"https:\/\/etevisa.com\/tr\/wp-json\/wp\/v2\/media?parent=4288"}],"curies":[{"name":"wp","href":"https:\/\/api.w.org\/{rel}","templated":true}]}}